{"id":18,"date":"2013-07-28T17:54:38","date_gmt":"2013-07-28T20:54:38","guid":{"rendered":"http:\/\/olivopampa.com.br\/?page_id=18"},"modified":"2026-01-31T20:52:40","modified_gmt":"2026-01-31T23:52:40","slug":"quem-somos","status":"publish","type":"page","link":"https:\/\/olivopampa.com.br\/","title":{"rendered":"OlivoPampa"},"content":{"rendered":"\n<figure class=\"wp-block-image size-large\"><a href=\"https:\/\/olivopampa.com.br\/wp-content\/uploads\/2026\/01\/IMG_4529-Coratina-29.01.2026-lote-09-scaled.jpeg\"><img loading=\"lazy\" decoding=\"async\" width=\"768\" height=\"1024\" src=\"https:\/\/olivopampa.com.br\/wp-content\/uploads\/2026\/01\/IMG_4529-Coratina-29.01.2026-lote-09-768x1024.jpeg\" alt=\"\" class=\"wp-image-23309\" srcset=\"https:\/\/olivopampa.com.br\/wp-content\/uploads\/2026\/01\/IMG_4529-Coratina-29.01.2026-lote-09-768x1024.jpeg 768w, https:\/\/olivopampa.com.br\/wp-content\/uploads\/2026\/01\/IMG_4529-Coratina-29.01.2026-lote-09-225x300.jpeg 225w, https:\/\/olivopampa.com.br\/wp-content\/uploads\/2026\/01\/IMG_4529-Coratina-29.01.2026-lote-09-1152x1536.jpeg 1152w, https:\/\/olivopampa.com.br\/wp-content\/uploads\/2026\/01\/IMG_4529-Coratina-29.01.2026-lote-09-1536x2048.jpeg 1536w, https:\/\/olivopampa.com.br\/wp-content\/uploads\/2026\/01\/IMG_4529-Coratina-29.01.2026-lote-09-scaled.jpeg 1920w\" sizes=\"auto, (max-width: 768px) 100vw, 768px\" \/><\/a><\/figure>\n\n\n<p><a href=\"https:\/\/olivopampa.com.br\/wp-content\/uploads\/2019\/07\/logo_olivopampa.png\"><img loading=\"lazy\" decoding=\"async\" class=\"alignnone  wp-image-14843 aligncenter\" src=\"https:\/\/olivopampa.com.br\/wp-content\/uploads\/2019\/07\/logo_olivopampa-300x300.png\" alt=\"\" width=\"105\" height=\"105\" srcset=\"https:\/\/olivopampa.com.br\/wp-content\/uploads\/2019\/07\/logo_olivopampa-300x300.png 300w, https:\/\/olivopampa.com.br\/wp-content\/uploads\/2019\/07\/logo_olivopampa-150x150.png 150w, https:\/\/olivopampa.com.br\/wp-content\/uploads\/2019\/07\/logo_olivopampa.png 512w\" sizes=\"auto, (max-width: 105px) 100vw, 105px\" \/><\/a><\/p>\n<p><a href=\"https:\/\/olivopampa.com.br\/wp-content\/uploads\/2023\/08\/Logo-Do-Pampa.jpg\"><strong><img loading=\"lazy\" decoding=\"async\" class=\"wp-image-12136 alignright\" src=\"http:\/\/olivopampa.com.br\/wp-content\/uploads\/2017\/01\/logo_ouro-de-sant\u00b4ana_2.jpg\" alt=\"\" width=\"101\" height=\"118\" \/><\/strong><br \/><\/a><a href=\"https:\/\/olivopampa.com.br\/wp-content\/uploads\/2023\/08\/Logo-Do-Pampa.jpg\"><img loading=\"lazy\" decoding=\"async\" class=\"wp-image-20538 alignleft\" src=\"https:\/\/olivopampa.com.br\/wp-content\/uploads\/2023\/08\/Logo-Do-Pampa-238x300.jpg\" alt=\"Logo da nova marca do Azeite Do Pampa\" width=\"91\" height=\"112\" \/><\/a><\/p>\n<p style=\"text-align: center;\"><strong>Empresa oliv\u00edcola familiar\u00a0<\/strong><\/p>\n<p style=\"text-align: left;\">Empresa oliv\u00edcola familiar localizada no Bioma Pampa, no munic\u00edpio de Santana do Livramento, RS. Fronteira Brasil &#8211; Uruguai.<\/p>\n<p style=\"text-align: left;\"><span style=\"text-decoration: underline;\"><strong>Nossa hist\u00f3ria<\/strong><\/span><\/p>\n<p>Optamos por investir em Santana do Livramento, RS (paralelo 31 sul),\u00a0 no ano 2008, depois de procurar as melhores condi\u00e7\u00f5es para a cultura da oliveira no Brasil. Foi um processo intensivo de pesquisas, consultas, visitas a diversas regi\u00f5es, avalia\u00e7\u00e3o de diversos estudos de zoneamento agroclim\u00e1ticos, etc. A olivicultura Uruguaia, na \u00e9poca em franca expans\u00e3o, al\u00e9m dos bem sucedidos empreendimentos vitivin\u00edcolas da regi\u00e3o, foram importantes refer\u00eancias na defini\u00e7ao do melhor local para empreender na olivicultura.\u00a0<\/p>\n<p>A topografia suavemente ondulada, representada pelas coxilhas arenosas e cercada pelos bel\u00edssimos \u201ccerros\u201d, no &#8220;Bioma Pampa&#8221;, constituem uma paisagem marcante que harmoniza com os \u00a0olivais criando uma beleza natural privilegiada.<\/p>\n<p>A primeira dificuldade encontrada foi a disponibilidade de mudas de variedades aptas ao plantio na regi\u00e3o escolhida. Em fun\u00e7\u00e3o das vari\u00e1veis climatol\u00f3gicas, detectamos a necessidade de uma muda adequada e resistente \u00a0\u00e0s adversidades encontradas. Surge, assim em 2009, o viveiro de mudas e o olival que iniciou suas atividades re criando e vendendo mudas. Hoje nosso viveiro conta com um jardim varietal, limpo e de qualidade.<\/p>\n<p>Sempre preocupados com a reciclagem profissional, participamos de diversos cursos e congressos na \u00e1rea da olivicultura e &#8220;elaio &#8211; tecnia&#8221; em importantes centros como: Universidade da Calif\u00f3rnia &#8211; Davis &#8211; USA, IFAPA &#8211; Espanha, INTA &#8211; Argentina, INIA &#8211; Uruguai, UFRGS &#8211; RS &#8211; Brasil, Accademia Nazionale dell&#8217;Olivo e dell&#8217;Olio. Spoleto, It\u00e1lia, entre outros.<\/p>\n<p>Quanto mais avan\u00e7amos no mundo da olivicultura e dos azeites, mais nos deparamos com uma \u00a0s\u00e9rie de fatos, no Brasil, entre eles:<\/p>\n<ul>\n<li>Pesquisa oliv\u00edcola local, incipiente e limitada;<\/li>\n<li>banaliza\u00e7\u00e3o do termo <strong>&#8220;Extra Virgem&#8221; com dominio dos azeites denominados &#8220;Classicos&#8221;;<\/strong><\/li>\n<li>consumidor <strong>leigo e<\/strong> <strong>confuso<\/strong> em rela\u00e7\u00e3o a qualidade dos azeites e sua classifica\u00e7\u00e3o;<\/li>\n<li>legisla\u00e7\u00e3o e fiscaliza\u00e7\u00e3o parcialmente adequadas;<\/li>\n<li>alta participa\u00e7ao de azeites fraudados, vendidos como &#8220;Extra virgens&#8221;;<\/li>\n<li>Ausencia de referencias locais e pesquisa de azeitona de mesa.<\/li>\n<\/ul>\n<p>Partimos ent\u00e3o, para a importa\u00e7\u00e3o e comercializa\u00e7\u00e3o de azeites produzidos na modalidade de colheita antecipada, genuinamente classificados como extra virgens de alt\u00edssima qualidade. Inicialmente importamos azeites de refer\u00eancia com origem nos dois hemisf\u00e9rios para garantir um frescor e qualidade diferenciada no mercado brasileiro. Simultaneamente iniciamos um processo de difus\u00e3o da qualidade dos azeites, atrav\u00e9s de palestras, eventos de degusta\u00e7\u00e3o e harmoniza\u00e7\u00e3o de azeites; treinamento de canais de distribui\u00e7\u00e3o, etc. Para acompanhar e garantir a qualidade de nossa produ\u00e7\u00e3o, contratamos consultorias reconhecidas e homologadas internacionalmente.<\/p>\n<p>Em mar\u00e7o 2014 foram produzidos nossos primeiros azeites a partir de azeitonas sadias colhidas a m\u00e3o, no seu melhor ponto de maturidade com <strong>foco na colheita antecipada<\/strong>, processadas logo depois de colhidas.<\/p>\n<p>Em 2015, depois de investir num lagar pr\u00f3prio, moderno e ideal para a produ\u00e7\u00e3o artesanal de azeites de qualidade,\u00a0 conseguimos produzir os azeites da colheita do ano, no olival. Com isto os ganhos na qualidade foram muito significativos pois as azeitonas foram processadas no olival, dentro de poucas horas de colhidas, acompanhando a modalidade de colheita antecipada consolidada como um fator importante na produ\u00e7\u00e3o de azeites de alta gama.<\/p>\n<p>No ano 2016 lan\u00e7amos ao mercado o novedoso azeite <em><strong>Novello*<\/strong><\/em> e no 2023 adicionamos a nossa oferta de azeites Extra Virgens, o azeite Extra Virgem <strong><em>Do Pampa*<\/em><\/strong> preenchendo um espa\u00e7o na segmenta\u00e7\u00e3o do mercado do azeite brasileiro.<\/p>\n<p>Al\u00e9m do viveiro, produ\u00e7\u00e3o de azeitonas (mesa e azeite) e extra\u00e7\u00e3o de azeites; investimos numa estrutura para olivo-turismo com atendimento personalizado aos visitantes. Esta \u00e1rea do negocio mereceu o reconhecimento dos visitantes como uns dos melhores destinos turisticos do municipio.<\/p>\n<h3>*Marcas Registradas de Olivopampa Industria e Comercio de produtos Oliv\u00edcolas Ltda.<\/h3>\n<p><span style=\"text-decoration: underline;\"><strong>Miss\u00e3o<\/strong><\/span><\/p>\n<p>Produzir, transformar, fornecer e divulgar, produtos e servi\u00e7os oliv\u00edcolas de qualidade, com honestidade e profissionalismo.<\/p>\n<p><span style=\"text-decoration: underline;\"><strong>Vis\u00e3o\u00a0<\/strong><\/span><\/p>\n<p>Sermos uma empresa familiar, artesanal, de referencia; inovadora, confi\u00e1vel, s\u00e9ria, comprometida, profissional e atuante atrav\u00e9s de uma equipe competente em processo continuo de atualiza\u00e7\u00e3o. Fazemos uso de praticas agricolas, de extra\u00e7ao e processamento modernas e limpas;\u00a0 adaptadas \u00e0 realidade Brasileira com respeito aos, consumidores e a natureza. Recebemos visitantes\/turistas com atendimento personalizado e acessivel.<\/p>\n<p><span style=\"text-decoration: underline;\"><strong>\u00c1reas de Atua\u00e7\u00e3o<\/strong><\/span><\/p>\n<ul>\n<li style=\"list-style-type: none;\">\n<ul>\n<li>Viveiro<\/li>\n<li>produ\u00e7\u00e3o artesanal de azeitonas de mesa e azeites extra virgens de qualidade<\/li>\n<li>consultoria e difus\u00e3o das boas praticas\u00a0<\/li>\n<li>produ\u00e7\u00e3o de azeites Extra Virgens com marcas pr\u00f3prias: <em><strong>Ouro de Sant&#8217;Ana, Novello e Do Pampa e marcas de terceiros.<\/strong><\/em><\/li>\n<li>extra\u00e7\u00e3o de azeite e servi\u00e7os para terceiros (pequenos e medios produtores)<\/li>\n<li>divulga\u00e7ao de tecnologia oliv\u00edcola adaptada \u00e0 realidade do pampa gaucho<\/li>\n<li>difus\u00e3o do mundo dos azeites<\/li>\n<li>Olivo &#8211; Turismo<\/li>\n<li>Venda de azeites pr\u00f3prios e de terceiros<\/li>\n<\/ul>\n<\/li>\n<\/ul>\n<p>\u00a0<\/p>\n\n\n<h2 class=\"wp-block-heading\">Reciclando os conceitos de poda<\/h2>\n\n\n\n<figure class=\"wp-block-gallery has-nested-images columns-default is-cropped wp-block-gallery-1 is-layout-flex wp-block-gallery-is-layout-flex\">\n<figure class=\"wp-block-image size-large\"><a href=\"https:\/\/olivopampa.com.br\/wp-content\/uploads\/2023\/06\/Foto-do-grupo-participante-do-curso-de-podas-do-dia-17.06.2023.jpeg\"><img loading=\"lazy\" decoding=\"async\" width=\"1024\" height=\"768\" data-id=\"20247\" src=\"https:\/\/olivopampa.com.br\/wp-content\/uploads\/2023\/06\/Foto-do-grupo-participante-do-curso-de-podas-do-dia-17.06.2023.jpeg\" alt=\"\" class=\"wp-image-20247\" srcset=\"https:\/\/olivopampa.com.br\/wp-content\/uploads\/2023\/06\/Foto-do-grupo-participante-do-curso-de-podas-do-dia-17.06.2023.jpeg 1024w, https:\/\/olivopampa.com.br\/wp-content\/uploads\/2023\/06\/Foto-do-grupo-participante-do-curso-de-podas-do-dia-17.06.2023-300x225.jpeg 300w, https:\/\/olivopampa.com.br\/wp-content\/uploads\/2023\/06\/Foto-do-grupo-participante-do-curso-de-podas-do-dia-17.06.2023-768x576.jpeg 768w, https:\/\/olivopampa.com.br\/wp-content\/uploads\/2023\/06\/Foto-do-grupo-participante-do-curso-de-podas-do-dia-17.06.2023-400x300.jpeg 400w\" sizes=\"auto, (max-width: 1024px) 100vw, 1024px\" \/><\/a><figcaption class=\"wp-element-caption\">Treinamento de Poda da Oliveira <\/figcaption><\/figure>\n<\/figure>\n\n\n\n<p>Curso de podas da oliveira ministrado por Jose Luis Marginet Campos no dia 17.06.2023<\/p>\n\n\n\n<p><strong>Treinamento de tratos culturais e cuidados com a florada<\/strong><\/p>\n\n\n\n<p>Importante tema pautado para termos sucesso na florada e pegada floral 2023<\/p>\n\n\n\n<figure class=\"wp-block-image size-large\"><a href=\"https:\/\/olivopampa.com.br\/wp-content\/uploads\/2023\/10\/IMG-1616-scaled.jpg\"><img loading=\"lazy\" decoding=\"async\" width=\"1024\" height=\"768\" src=\"https:\/\/olivopampa.com.br\/wp-content\/uploads\/2023\/10\/IMG-1616-1024x768.jpg\" alt=\"\" class=\"wp-image-20640\" srcset=\"https:\/\/olivopampa.com.br\/wp-content\/uploads\/2023\/10\/IMG-1616-1024x768.jpg 1024w, https:\/\/olivopampa.com.br\/wp-content\/uploads\/2023\/10\/IMG-1616-300x225.jpg 300w, https:\/\/olivopampa.com.br\/wp-content\/uploads\/2023\/10\/IMG-1616-768x576.jpg 768w, https:\/\/olivopampa.com.br\/wp-content\/uploads\/2023\/10\/IMG-1616-1536x1152.jpg 1536w, https:\/\/olivopampa.com.br\/wp-content\/uploads\/2023\/10\/IMG-1616-2048x1536.jpg 2048w, https:\/\/olivopampa.com.br\/wp-content\/uploads\/2023\/10\/IMG-1616-400x300.jpg 400w\" sizes=\"auto, (max-width: 1024px) 100vw, 1024px\" \/><\/a><\/figure>\n\n\n\n<figure class=\"wp-block-gallery has-nested-images columns-default is-cropped wp-block-gallery-2 is-layout-flex wp-block-gallery-is-layout-flex\">\n<figure class=\"wp-block-image size-large\"><a href=\"https:\/\/olivopampa.com.br\/wp-content\/uploads\/2023\/10\/IMG-1618-1-scaled.jpg\"><img loading=\"lazy\" decoding=\"async\" width=\"1024\" height=\"768\" data-id=\"20641\" src=\"https:\/\/olivopampa.com.br\/wp-content\/uploads\/2023\/10\/IMG-1618-1-1024x768.jpg\" alt=\"\" class=\"wp-image-20641\" srcset=\"https:\/\/olivopampa.com.br\/wp-content\/uploads\/2023\/10\/IMG-1618-1-1024x768.jpg 1024w, https:\/\/olivopampa.com.br\/wp-content\/uploads\/2023\/10\/IMG-1618-1-300x225.jpg 300w, https:\/\/olivopampa.com.br\/wp-content\/uploads\/2023\/10\/IMG-1618-1-768x576.jpg 768w, https:\/\/olivopampa.com.br\/wp-content\/uploads\/2023\/10\/IMG-1618-1-1536x1152.jpg 1536w, https:\/\/olivopampa.com.br\/wp-content\/uploads\/2023\/10\/IMG-1618-1-2048x1536.jpg 2048w, https:\/\/olivopampa.com.br\/wp-content\/uploads\/2023\/10\/IMG-1618-1-400x300.jpg 400w\" sizes=\"auto, (max-width: 1024px) 100vw, 1024px\" \/><\/a><\/figure>\n<\/figure>\n\n\n\n<figure class=\"wp-block-image size-large\"><a href=\"https:\/\/olivopampa.com.br\/wp-content\/uploads\/2024\/09\/IMG_2788-scaled.jpg\"><img loading=\"lazy\" decoding=\"async\" width=\"768\" height=\"1024\" src=\"https:\/\/olivopampa.com.br\/wp-content\/uploads\/2024\/09\/IMG_2788-768x1024.jpg\" alt=\"Botoes florais da Var. Arbequina no dia 07.09.2024. Lote #2\" class=\"wp-image-21992\" srcset=\"https:\/\/olivopampa.com.br\/wp-content\/uploads\/2024\/09\/IMG_2788-768x1024.jpg 768w, https:\/\/olivopampa.com.br\/wp-content\/uploads\/2024\/09\/IMG_2788-225x300.jpg 225w, https:\/\/olivopampa.com.br\/wp-content\/uploads\/2024\/09\/IMG_2788-1152x1536.jpg 1152w, https:\/\/olivopampa.com.br\/wp-content\/uploads\/2024\/09\/IMG_2788-1536x2048.jpg 1536w, https:\/\/olivopampa.com.br\/wp-content\/uploads\/2024\/09\/IMG_2788-scaled.jpg 1920w\" sizes=\"auto, (max-width: 768px) 100vw, 768px\" \/><\/a><\/figure>\n\n\n\n<figure class=\"wp-block-image size-large\"><a href=\"https:\/\/olivopampa.com.br\/wp-content\/uploads\/2023\/08\/IMG-1563-scaled.jpg\"><img loading=\"lazy\" decoding=\"async\" width=\"768\" height=\"1024\" src=\"https:\/\/olivopampa.com.br\/wp-content\/uploads\/2023\/08\/IMG-1563-768x1024.jpg\" alt=\"\" class=\"wp-image-20501\" srcset=\"https:\/\/olivopampa.com.br\/wp-content\/uploads\/2023\/08\/IMG-1563-768x1024.jpg 768w, https:\/\/olivopampa.com.br\/wp-content\/uploads\/2023\/08\/IMG-1563-225x300.jpg 225w, https:\/\/olivopampa.com.br\/wp-content\/uploads\/2023\/08\/IMG-1563-1152x1536.jpg 1152w, https:\/\/olivopampa.com.br\/wp-content\/uploads\/2023\/08\/IMG-1563-1536x2048.jpg 1536w, https:\/\/olivopampa.com.br\/wp-content\/uploads\/2023\/08\/IMG-1563-scaled.jpg 1920w\" sizes=\"auto, (max-width: 768px) 100vw, 768px\" \/><\/a><\/figure>\n\n\n\n<figure class=\"wp-block-image size-large\"><a href=\"https:\/\/olivopampa.com.br\/wp-content\/uploads\/2024\/12\/IMG_2530.-Olival-Coratina-scaled.jpg\"><img loading=\"lazy\" decoding=\"async\" width=\"1024\" height=\"768\" src=\"https:\/\/olivopampa.com.br\/wp-content\/uploads\/2024\/12\/IMG_2530.-Olival-Coratina-1024x768.jpg\" alt=\"\" class=\"wp-image-22417\" srcset=\"https:\/\/olivopampa.com.br\/wp-content\/uploads\/2024\/12\/IMG_2530.-Olival-Coratina-1024x768.jpg 1024w, https:\/\/olivopampa.com.br\/wp-content\/uploads\/2024\/12\/IMG_2530.-Olival-Coratina-300x225.jpg 300w, https:\/\/olivopampa.com.br\/wp-content\/uploads\/2024\/12\/IMG_2530.-Olival-Coratina-768x576.jpg 768w, https:\/\/olivopampa.com.br\/wp-content\/uploads\/2024\/12\/IMG_2530.-Olival-Coratina-1536x1152.jpg 1536w, https:\/\/olivopampa.com.br\/wp-content\/uploads\/2024\/12\/IMG_2530.-Olival-Coratina-2048x1536.jpg 2048w, https:\/\/olivopampa.com.br\/wp-content\/uploads\/2024\/12\/IMG_2530.-Olival-Coratina-400x300.jpg 400w\" sizes=\"auto, (max-width: 1024px) 100vw, 1024px\" \/><\/a><figcaption class=\"wp-element-caption\"><strong>Olival da Var. Coratina<\/strong><\/figcaption><\/figure>\n\n\n\n<figure class=\"wp-block-image size-large\"><a href=\"https:\/\/olivopampa.com.br\/wp-content\/uploads\/2024\/12\/Arvore-da-variedade-Koroneiki-01.02.2023-1.jpg\"><img loading=\"lazy\" decoding=\"async\" width=\"1024\" height=\"461\" src=\"https:\/\/olivopampa.com.br\/wp-content\/uploads\/2024\/12\/Arvore-da-variedade-Koroneiki-01.02.2023-1-1024x461.jpg\" alt=\"Arvore da Var. Koroneiki\" class=\"wp-image-22418\" srcset=\"https:\/\/olivopampa.com.br\/wp-content\/uploads\/2024\/12\/Arvore-da-variedade-Koroneiki-01.02.2023-1-1024x461.jpg 1024w, https:\/\/olivopampa.com.br\/wp-content\/uploads\/2024\/12\/Arvore-da-variedade-Koroneiki-01.02.2023-1-300x135.jpg 300w, https:\/\/olivopampa.com.br\/wp-content\/uploads\/2024\/12\/Arvore-da-variedade-Koroneiki-01.02.2023-1-768x346.jpg 768w, https:\/\/olivopampa.com.br\/wp-content\/uploads\/2024\/12\/Arvore-da-variedade-Koroneiki-01.02.2023-1-500x225.jpg 500w, https:\/\/olivopampa.com.br\/wp-content\/uploads\/2024\/12\/Arvore-da-variedade-Koroneiki-01.02.2023-1.jpg 1207w\" sizes=\"auto, (max-width: 1024px) 100vw, 1024px\" \/><\/a><\/figure>\n\n\n\n<figure class=\"wp-block-image size-large\"><a href=\"https:\/\/olivopampa.com.br\/wp-content\/uploads\/2024\/11\/12.11.2024-IMG_3053-scaled.jpg\"><img loading=\"lazy\" decoding=\"async\" width=\"1024\" height=\"768\" src=\"https:\/\/olivopampa.com.br\/wp-content\/uploads\/2024\/11\/12.11.2024-IMG_3053-1024x768.jpg\" alt=\"\" class=\"wp-image-22261\" srcset=\"https:\/\/olivopampa.com.br\/wp-content\/uploads\/2024\/11\/12.11.2024-IMG_3053-1024x768.jpg 1024w, https:\/\/olivopampa.com.br\/wp-content\/uploads\/2024\/11\/12.11.2024-IMG_3053-300x225.jpg 300w, https:\/\/olivopampa.com.br\/wp-content\/uploads\/2024\/11\/12.11.2024-IMG_3053-768x576.jpg 768w, https:\/\/olivopampa.com.br\/wp-content\/uploads\/2024\/11\/12.11.2024-IMG_3053-1536x1152.jpg 1536w, https:\/\/olivopampa.com.br\/wp-content\/uploads\/2024\/11\/12.11.2024-IMG_3053-2048x1536.jpg 2048w, https:\/\/olivopampa.com.br\/wp-content\/uploads\/2024\/11\/12.11.2024-IMG_3053-400x300.jpg 400w\" sizes=\"auto, (max-width: 1024px) 100vw, 1024px\" \/><\/a><\/figure>\n\n\n\n<figure class=\"wp-block-image size-large\"><a href=\"https:\/\/olivopampa.com.br\/wp-content\/uploads\/2024\/07\/IMG_2385-Planta-da-Var-Kalamata-05.06.2024-1-scaled.jpg\"><img loading=\"lazy\" decoding=\"async\" width=\"1024\" height=\"768\" src=\"https:\/\/olivopampa.com.br\/wp-content\/uploads\/2024\/07\/IMG_2385-Planta-da-Var-Kalamata-05.06.2024-1-1024x768.jpg\" alt=\"\" class=\"wp-image-21754\" srcset=\"https:\/\/olivopampa.com.br\/wp-content\/uploads\/2024\/07\/IMG_2385-Planta-da-Var-Kalamata-05.06.2024-1-1024x768.jpg 1024w, https:\/\/olivopampa.com.br\/wp-content\/uploads\/2024\/07\/IMG_2385-Planta-da-Var-Kalamata-05.06.2024-1-300x225.jpg 300w, https:\/\/olivopampa.com.br\/wp-content\/uploads\/2024\/07\/IMG_2385-Planta-da-Var-Kalamata-05.06.2024-1-768x576.jpg 768w, https:\/\/olivopampa.com.br\/wp-content\/uploads\/2024\/07\/IMG_2385-Planta-da-Var-Kalamata-05.06.2024-1-1536x1152.jpg 1536w, https:\/\/olivopampa.com.br\/wp-content\/uploads\/2024\/07\/IMG_2385-Planta-da-Var-Kalamata-05.06.2024-1-2048x1536.jpg 2048w, https:\/\/olivopampa.com.br\/wp-content\/uploads\/2024\/07\/IMG_2385-Planta-da-Var-Kalamata-05.06.2024-1-400x300.jpg 400w\" sizes=\"auto, (max-width: 1024px) 100vw, 1024px\" \/><\/a><\/figure>\n\n\n\n<figure class=\"wp-block-image size-large\"><a href=\"https:\/\/olivopampa.com.br\/wp-content\/uploads\/2026\/01\/IMG_4487-1-scaled.jpeg\"><img loading=\"lazy\" decoding=\"async\" width=\"768\" height=\"1024\" src=\"https:\/\/olivopampa.com.br\/wp-content\/uploads\/2026\/01\/IMG_4487-1-768x1024.jpeg\" alt=\"\" class=\"wp-image-23264\" srcset=\"https:\/\/olivopampa.com.br\/wp-content\/uploads\/2026\/01\/IMG_4487-1-768x1024.jpeg 768w, https:\/\/olivopampa.com.br\/wp-content\/uploads\/2026\/01\/IMG_4487-1-225x300.jpeg 225w, https:\/\/olivopampa.com.br\/wp-content\/uploads\/2026\/01\/IMG_4487-1-1152x1536.jpeg 1152w, https:\/\/olivopampa.com.br\/wp-content\/uploads\/2026\/01\/IMG_4487-1-1536x2048.jpeg 1536w, https:\/\/olivopampa.com.br\/wp-content\/uploads\/2026\/01\/IMG_4487-1-scaled.jpeg 1920w\" sizes=\"auto, (max-width: 768px) 100vw, 768px\" \/><\/a><\/figure>\n\n\n\n<figure class=\"wp-block-image size-large\"><a href=\"https:\/\/olivopampa.com.br\/wp-content\/uploads\/2026\/01\/IMG_4514-1-scaled.jpeg\"><img loading=\"lazy\" decoding=\"async\" width=\"768\" height=\"1024\" src=\"https:\/\/olivopampa.com.br\/wp-content\/uploads\/2026\/01\/IMG_4514-1-768x1024.jpeg\" alt=\"\" class=\"wp-image-23267\" srcset=\"https:\/\/olivopampa.com.br\/wp-content\/uploads\/2026\/01\/IMG_4514-1-768x1024.jpeg 768w, https:\/\/olivopampa.com.br\/wp-content\/uploads\/2026\/01\/IMG_4514-1-225x300.jpeg 225w, https:\/\/olivopampa.com.br\/wp-content\/uploads\/2026\/01\/IMG_4514-1-1152x1536.jpeg 1152w, https:\/\/olivopampa.com.br\/wp-content\/uploads\/2026\/01\/IMG_4514-1-1536x2048.jpeg 1536w, https:\/\/olivopampa.com.br\/wp-content\/uploads\/2026\/01\/IMG_4514-1-scaled.jpeg 1920w\" sizes=\"auto, (max-width: 768px) 100vw, 768px\" \/><\/a><\/figure>\n","protected":false},"excerpt":{"rendered":"<p>Empresa oliv\u00edcola familiar\u00a0 Empresa oliv\u00edcola familiar localizada no Bioma Pampa, no munic\u00edpio de Santana do Livramento, RS. Fronteira Brasil &#8211; Uruguai. Nossa hist\u00f3ria Optamos por investir em Santana do Livramento, RS (paralelo 31 sul),\u00a0 no ano 2008, depois de procurar &hellip; <a href=\"https:\/\/olivopampa.com.br\/\">Continue lendo <span class=\"meta-nav\">&rarr;<\/span><\/a><\/p>\n","protected":false},"author":2,"featured_media":0,"parent":0,"menu_order":0,"comment_status":"open","ping_status":"open","template":"","meta":{"_exactmetrics_skip_tracking":false,"_exactmetrics_sitenote_active":false,"_exactmetrics_sitenote_note":"","_exactmetrics_sitenote_category":0,"footnotes":""},"class_list":["post-18","page","type-page","status-publish","hentry"],"_links":{"self":[{"href":"https:\/\/olivopampa.com.br\/index.php?rest_route=\/wp\/v2\/pages\/18","targetHints":{"allow":["GET"]}}],"collection":[{"href":"https:\/\/olivopampa.com.br\/index.php?rest_route=\/wp\/v2\/pages"}],"about":[{"href":"https:\/\/olivopampa.com.br\/index.php?rest_route=\/wp\/v2\/types\/page"}],"author":[{"embeddable":true,"href":"https:\/\/olivopampa.com.br\/index.php?rest_route=\/wp\/v2\/users\/2"}],"replies":[{"embeddable":true,"href":"https:\/\/olivopampa.com.br\/index.php?rest_route=%2Fwp%2Fv2%2Fcomments&post=18"}],"version-history":[{"count":273,"href":"https:\/\/olivopampa.com.br\/index.php?rest_route=\/wp\/v2\/pages\/18\/revisions"}],"predecessor-version":[{"id":23321,"href":"https:\/\/olivopampa.com.br\/index.php?rest_route=\/wp\/v2\/pages\/18\/revisions\/23321"}],"wp:attachment":[{"href":"https:\/\/olivopampa.com.br\/index.php?rest_route=%2Fwp%2Fv2%2Fmedia&parent=18"}],"curies":[{"name":"wp","href":"https:\/\/api.w.org\/{rel}","templated":true}]}}